{"id":2825,"date":"2020-04-21T08:17:45","date_gmt":"2020-04-21T06:17:45","guid":{"rendered":"https:\/\/anjakarboul.com\/gtc\/"},"modified":"2024-03-18T18:02:19","modified_gmt":"2024-03-18T17:02:19","slug":"gtc","status":"publish","type":"page","link":"https:\/\/anjakarboul.com\/en\/gtc\/","title":{"rendered":"GTC"},"content":{"rendered":"\n<p>Webshop-GTC<\/p>\n\n<p>Contractual conditions within the scope of\npurchase contracts<\/p>\n\n<p>between<\/p>\n\n<p>Anja\nKarboul, Schulstr. 6, 13187 Berlin, USt-Identifikations-Nr.: DE 262922741 &#8211; hereinafter referred to as &#8220;Provider&#8221; &#8211;<\/p>\n\n<p>and<\/p>\n\n<p>the customer designated in \u00a7 2 of the contract &#8211; hereinafter referred to as the &#8220;Customer&#8221;\n<\/p>\n\n<p>are concluded.\n<\/p>\n\n<p>\u00a7 1 Scope of application, definitions\n<\/p>\n\n<p>(1) The business relationship between the Supplier and the Customer shall be governed exclusively by the following General Terms and Conditions in the version valid at the time of the order. Deviating general terms and conditions of the customer are not recognized unless the provider expressly agrees to their validity in writing.\n\n\n \n\n<\/p>\n\n<p>(2) The customer is a consumer insofar as the purpose of the ordered goods and services cannot be predominantly attributed to his commercial or independent professional activity. In contrast, an entrepreneur is any natural or legal person or partnership with legal capacity who, when concluding the contract, acts in the exercise of their commercial or independent professional activity.\n\n\n \n\n\n<\/p>\n\n<p>\u00a7 2 Conclusion of contract\n<\/p>\n\n<p>(1) The customer can select products, in particular art prints, from the provider&#8217;s range and initiate the order process by clicking the &#8220;order&#8221; button. The &#8220;order&#8221; button generates an e-mail with a sample text expressing the customer&#8217;s interest in a specific product. The e-mail also contains a hyperlink to the current terms and conditions. The customer can edit the e-mail and order the desired product. The contract is only concluded when the provider issues a declaration of acceptance, which is sent in a separate e-mail (order confirmation). In this e-mail or in a separate e-mail, but at the latest upon delivery of the goods, the contract text (consisting of the order, GTC and order confirmation) is sent to the customer (contract confirmation). The text of the contract is stored in compliance with data protection regulations.\n \n \n\n \n \n \n\n \n\n\n \n<\/p>\n\n<p>(2) The contract is concluded in German.\n<\/p>\n\n<p>\u00a7 3 Delivery, availability of goods\n<\/p>\n\n<p>(1) Specified delivery times are calculated from the time of receipt of payment. If no other delivery time is agreed, it is up to 14 calendar days.\n \n<\/p>\n\n<p>(2) If no copies of the product selected by the customer are available at the time of the customer&#8217;s order, the supplier shall inform the customer of this immediately in the order confirmation. If the product is permanently unavailable, the supplier shall refrain from issuing a declaration of acceptance. In this case, a contract is not concluded.\n\n\n \n \n<\/p>\n\n<p>(3) If the product specified by the customer in the order is only temporarily unavailable, the supplier shall also inform the customer of this immediately in the order confirmation.\n\n\n<\/p>\n\n<p>(4) The following delivery restrictions apply: The supplier only delivers within Germany.\n\n<\/p>\n\n<p>\u00a7 4 Retention of title\n<\/p>\n\n<p>The delivered goods remain the property of the supplier until full payment has been made.\n\n<\/p>\n\n<p>\u00a7 5 Prices and shipping costs\n<\/p>\n\n<p>(1) All prices stated on the provider&#8217;s website include the applicable statutory VAT and shipping costs.\n\n\n<\/p>\n\n<p>(2) The goods are dispatched by post. The shipping risk is borne by the provider if the customer is a consumer.\n \n<\/p>\n\n<p>(3) In the event of a revocation, the customer shall bear the direct costs of the return shipment.\n\n<\/p>\n\n<p>\u00a7 6 Terms of payment\n<\/p>\n\n<p>(1) The customer must make the payment in advance by bank transfer or Paypal.\n<\/p>\n\n<p>(2) Payment of the purchase price is due immediately upon conclusion of the contract.\n<\/p>\n\n<p>\u00a7 7 Warranty for material defects\n<\/p>\n\n<p>The provider is liable for material defects in accordance with the applicable statutory provisions, in particular \u00a7\u00a7 434 ff. BGB. The warranty period for goods delivered by the supplier to entrepreneurs is 12 months.\n\n \n<\/p>\n\n<p>\u00a7 8 Liability\n<\/p>\n\n<p>(1)\nAnspr\u00fcche des Kunden auf Schadensersatz sind ausgeschlossen. Hiervon\nausgenommen sind Schadensersatzanspr\u00fcche des Kunden aus der Verletzung des\nLebens, des K\u00f6rpers, der Gesundheit oder aus der Verletzung wesentlicher\nVertragspflichten (Kardinalpflichten) sowie die Haftung f\u00fcr sonstige Sch\u00e4den,\ndie auf einer vors\u00e4tzlichen oder grob fahrl\u00e4ssigen Pflichtverletzung des\nAnbieters, seiner gesetzlichen Vertreter oder Erf\u00fcllungsgehilfen beruhen.\nWesentliche Vertragspflichten sind solche, deren Erf\u00fcllung zur Erreichung des\nZiels des Vertrags notwendig ist.<\/p>\n\n<p>(2) In the event of a breach of material contractual obligations, the Provider shall only be liable for the foreseeable damage typical of the contract if this was caused by simple negligence, unless the Customer&#8217;s claims for damages are based on injury to life, limb or health.\n\n\n\n<\/p>\n\n<p>(3) The restrictions of paragraphs 1 and 2 also apply in favor of the legal representatives and vicarious agents of the provider if claims are asserted directly against them.\n \n\n<\/p>\n\n<p>(4) The limitations of liability resulting from paragraphs 1 and 2 shall not apply if the provider has fraudulently concealed the defect or has assumed a guarantee for the quality of the item. The same applies if the supplier and the customer have reached an agreement on the quality of the item. The provisions of the Product Liability Act remain unaffected.    <\/p>\n\n<p>\u00a7 9 Data transfer to third parties &#8211; subcontractors<br\/> (1) In the course of an order by a customer, the provider will forward the customer&#8217;s contact details, consisting of name and address, to a subcontractor, the company Pressio Druck Manufaktur, Schulzeweg 12, 26316 Varel. <br\/> <br\/> (2) The subcontractor will print the ordered goods and send them to the customer after completion.<\/p>\n\n<p>\u00a7 10 Cancellation policy\n<\/p>\n\n<p>(1) Consumers generally have a statutory right of withdrawal when concluding a distance selling transaction, about which the provider provides information below in accordance with the statutory model. The exceptions to the right of withdrawal are regulated in paragraph (2). A sample withdrawal form can be found in paragraph (3).\n\n\n \n <\/p>\n\n<figure class=\"wp-block-table\"><table class=\"\"><tbody><tr><td>\n Widerrufsbelehrung\n   \n Widerrufsrecht\n   \n Sie haben das Recht, binnen vierzehn Tagen ohne Angaben von Gr\u00fcnden diesen Vertrag zu widerrufen.\n \n \n Die Widerrufsfrist betr\u00e4gt vierzehn Tage ab dem Tag, an dem Sie oder ein von Ihnen benannter Dritter, der nicht Bef\u00f6rderer ist, die Waren in Besitz genommen haben bzw. hat.\n \n \n \n Um Ihr Widerrufsrecht auszu\u00fcben, m\u00fcssen Sie mir Anja Karboul, Schulstr. 6, 13187 Berlin mittels einer eindeutigen Erkl\u00e4rung (z.B. ein mit der Post versandter Brief, Telefax oder E-Mail) \u00fcber Ihren Entschluss, diesen Vertrag zu widerrufen, informieren.\n  \n \n \n  Sie k\u00f6nnen daf\u00fcr das beigef\u00fcgte Muster-Widerrufsformular verwenden, das jedoch nicht vorgeschrieben ist.\n \n Zur Wahrung der Widerrufsfrist reicht es aus, dass Sie die Mitteilung \u00fcber die Aus\u00fcbung des Widerrufsrechts vor Ablauf der Widerrufsfrist absenden.\n \n \n   \n Folgen des Widerrufs\n \n   \n Wenn Sie diesen Vertrag widerrufen, habe ich Ihnen alle Zahlungen, die ich von Ihnen erhalten habe, einschlie\u00dflich der Lieferkosten, unverz\u00fcglich und sp\u00e4testens binnen vierzehn Tagen ab dem Tag zur\u00fcckzuzahlen, an dem die Mitteilung \u00fcber Ihren Widerruf dieses Vertrages bei mir eingegangen ist.\n \n \n \n  F\u00fcr diese R\u00fcckzahlung verwende ich dasselbe Zahlungsmittel, das Sie bei der urspr\u00fcnglichen Transaktion eingesetzt haben, es sei denn, mit Ihnen wurde ausdr\u00fccklich etwas anderes vereinbart; in keinem Fall werden Ihnen wegen dieser R\u00fcckzahlung Entgelte berechnet.\n \n \n \n \n Ich kann die R\u00fcckzahlung verweigern, bis ich die Ware wieder zur\u00fcckerhalten haben oder bis Sie den Nachweis erbracht haben, dass Sie die Waren zur\u00fcckgesandt haben, je nachdem, welches der fr\u00fchere Zeitpunkt ist.\n \n \n \n Sie haben die Waren unverz\u00fcglich und in jedem Fall sp\u00e4testens binnen vierzehn Tagen ab dem Tag, an dem Sie mich \u00fcber den Widerruf dieses Vertrages unterrichten, an mich zur\u00fcckzusenden oder zu \u00fcbergeben.\n \n \n  Die Frist ist gewahrt, wenn Sie die Waren vor Ablauf der Frist von vierzehn Tagen absenden.\n \n Sie tragen die unmittelbaren Kosten der R\u00fccksendung der Waren.\n \n Sie m\u00fcssen f\u00fcr einen etwaigen Wertverlust der Waren nur aufkommen, wenn dieser Wertverlust auf einen zur Pr\u00fcfung der Beschaffenheit, Eigenschaften und Funktionsweise der Waren nicht notwendigen Umgang mit ihnen zur\u00fcckzuf\u00fchren ist.\n \n \n \n  \n  <\/td><\/tr><\/tbody><\/table><\/figure>\n\n<p>(2) The provider provides the following information about the model withdrawal form in accordance with the statutory provisions:\n\n<\/p>\n\n<figure class=\"wp-block-table\"><table class=\"\"><tbody><tr><td>Model withdrawal form <br\/><br\/>(If you wish to withdraw from the contract, please fill out this form and send it back to us). <br\/><br\/>To Anja Karboul, Schulstr. 6, 13187 Berlin <br\/>   <br\/>I\/we (*) hereby cancel the contract concluded by me\/us (*) for the purchase of the following goods (*)\/the provision of the following service (*)<br\/>Ordered on (*)\/received on (*)<br\/>Name of the consumer(s)<br\/>Address of the consumer(s)<br\/>Signature of the consumer(s) (only for notification on paper) Date (*)<br\/>Delete as applicable <\/td><\/tr><\/tbody><\/table><\/figure>\n\n<p>\u00a7 11 Final provisions<\/p>\n\n<p>(1) The law of the Federal Republic of Germany shall apply to contracts between the provider and the customer to the exclusion of the UN Convention on Contracts for the International Sale of Goods. The statutory provisions restricting the choice of law and the applicability of mandatory provisions, in particular of the country in which the customer as a consumer has his habitual residence, remain unaffected.\n\n \n\n \n<\/p>\n\n<p>(2)\nSofern es sich beim Kunden um einen Kaufmann, eine juristische Person des\n\u00f6ffentlichen Rechts oder um ein \u00f6ffentlich-rechtliches Sonderverm\u00f6gen handelt,\nist Gerichtsstand f\u00fcr alle Streitigkeiten aus Vertragsverh\u00e4ltnissen zwischen\ndem Kunden und dem Anbieter der Sitz des Anbieters.<\/p>\n\n<p>(3) The contract shall remain binding in its remaining parts even if individual points are legally invalid. The ineffective points shall be replaced by the statutory provisions, if any. Insofar as this would represent an unreasonable hardship for one of the contracting parties, the contract as a whole shall, however, become invalid.\n\n \n \n\n<\/p>\n","protected":false},"excerpt":{"rendered":"<p>Webshop-GTC Contractual conditions within the scope of purchase contracts between Anja Karboul, Schulstr. 6, 13187 Berlin, USt-Identifikations-Nr.: DE 262922741 &#8211; hereinafter referred to as &#8220;Provider&#8221; &#8211; and the customer designated in \u00a7 2 of the contract &#8211; hereinafter referred to as the &#8220;Customer&#8221; are concluded. \u00a7 1 Scope of application, definitions (1) The business relationship [&hellip;]<\/p>\n","protected":false},"author":2,"featured_media":0,"parent":0,"menu_order":19,"comment_status":"closed","ping_status":"closed","template":"","meta":{"_acf_changed":false,"footnotes":""},"class_list":["post-2825","page","type-page","status-publish","hentry"],"acf":[],"yoast_head":"<!-- This site is optimized with the Yoast SEO plugin v22.2 - https:\/\/yoast.com\/wordpress\/plugins\/seo\/ -->\n<title>GTC &#8211; Anja Karboul<\/title>\n<meta name=\"robots\" content=\"index, follow, max-snippet:-1, max-image-preview:large, max-video-preview:-1\" \/>\n<link rel=\"canonical\" href=\"https:\/\/anjakarboul.com\/en\/gtc\/\" \/>\n<meta property=\"og:locale\" content=\"en_US\" \/>\n<meta property=\"og:type\" content=\"article\" \/>\n<meta property=\"og:title\" content=\"GTC &#8211; Anja Karboul\" \/>\n<meta property=\"og:description\" content=\"Webshop-GTC Contractual conditions within the scope of purchase contracts between Anja Karboul, Schulstr. 6, 13187 Berlin, USt-Identifikations-Nr.: DE 262922741 &#8211; hereinafter referred to as &#8220;Provider&#8221; &#8211; and the customer designated in \u00a7 2 of the contract &#8211; hereinafter referred to as the &#8220;Customer&#8221; are concluded. \u00a7 1 Scope of application, definitions (1) The business relationship [&hellip;]\" \/>\n<meta property=\"og:url\" content=\"https:\/\/anjakarboul.com\/en\/gtc\/\" \/>\n<meta property=\"og:site_name\" content=\"Anja Karboul\" \/>\n<meta property=\"article:modified_time\" content=\"2024-03-18T17:02:19+00:00\" \/>\n<meta name=\"twitter:card\" content=\"summary_large_image\" \/>\n<meta name=\"twitter:label1\" content=\"Est. reading time\" \/>\n\t<meta name=\"twitter:data1\" content=\"7 minutes\" \/>\n<script type=\"application\/ld+json\" class=\"yoast-schema-graph\">{\"@context\":\"https:\/\/schema.org\",\"@graph\":[{\"@type\":\"WebPage\",\"@id\":\"https:\/\/anjakarboul.com\/en\/gtc\/\",\"url\":\"https:\/\/anjakarboul.com\/en\/gtc\/\",\"name\":\"GTC &#8211; Anja Karboul\",\"isPartOf\":{\"@id\":\"https:\/\/anjakarboul.com\/en\/#website\"},\"datePublished\":\"2020-04-21T06:17:45+00:00\",\"dateModified\":\"2024-03-18T17:02:19+00:00\",\"breadcrumb\":{\"@id\":\"https:\/\/anjakarboul.com\/en\/gtc\/#breadcrumb\"},\"inLanguage\":\"en-US\",\"potentialAction\":[{\"@type\":\"ReadAction\",\"target\":[\"https:\/\/anjakarboul.com\/en\/gtc\/\"]}]},{\"@type\":\"BreadcrumbList\",\"@id\":\"https:\/\/anjakarboul.com\/en\/gtc\/#breadcrumb\",\"itemListElement\":[{\"@type\":\"ListItem\",\"position\":1,\"name\":\"Home\",\"item\":\"https:\/\/anjakarboul.com\/en\/\"},{\"@type\":\"ListItem\",\"position\":2,\"name\":\"GTC\"}]},{\"@type\":\"WebSite\",\"@id\":\"https:\/\/anjakarboul.com\/en\/#website\",\"url\":\"https:\/\/anjakarboul.com\/en\/\",\"name\":\"Anja Karboul\",\"description\":\"Illustrator\",\"potentialAction\":[{\"@type\":\"SearchAction\",\"target\":{\"@type\":\"EntryPoint\",\"urlTemplate\":\"https:\/\/anjakarboul.com\/en\/?s={search_term_string}\"},\"query-input\":\"required name=search_term_string\"}],\"inLanguage\":\"en-US\"}]}<\/script>\n<!-- \/ Yoast SEO plugin. -->","yoast_head_json":{"title":"GTC &#8211; Anja Karboul","robots":{"index":"index","follow":"follow","max-snippet":"max-snippet:-1","max-image-preview":"max-image-preview:large","max-video-preview":"max-video-preview:-1"},"canonical":"https:\/\/anjakarboul.com\/en\/gtc\/","og_locale":"en_US","og_type":"article","og_title":"GTC &#8211; Anja Karboul","og_description":"Webshop-GTC Contractual conditions within the scope of purchase contracts between Anja Karboul, Schulstr. 6, 13187 Berlin, USt-Identifikations-Nr.: DE 262922741 &#8211; hereinafter referred to as &#8220;Provider&#8221; &#8211; and the customer designated in \u00a7 2 of the contract &#8211; hereinafter referred to as the &#8220;Customer&#8221; are concluded. \u00a7 1 Scope of application, definitions (1) The business relationship [&hellip;]","og_url":"https:\/\/anjakarboul.com\/en\/gtc\/","og_site_name":"Anja Karboul","article_modified_time":"2024-03-18T17:02:19+00:00","twitter_card":"summary_large_image","twitter_misc":{"Est. reading time":"7 minutes"},"schema":{"@context":"https:\/\/schema.org","@graph":[{"@type":"WebPage","@id":"https:\/\/anjakarboul.com\/en\/gtc\/","url":"https:\/\/anjakarboul.com\/en\/gtc\/","name":"GTC &#8211; Anja Karboul","isPartOf":{"@id":"https:\/\/anjakarboul.com\/en\/#website"},"datePublished":"2020-04-21T06:17:45+00:00","dateModified":"2024-03-18T17:02:19+00:00","breadcrumb":{"@id":"https:\/\/anjakarboul.com\/en\/gtc\/#breadcrumb"},"inLanguage":"en-US","potentialAction":[{"@type":"ReadAction","target":["https:\/\/anjakarboul.com\/en\/gtc\/"]}]},{"@type":"BreadcrumbList","@id":"https:\/\/anjakarboul.com\/en\/gtc\/#breadcrumb","itemListElement":[{"@type":"ListItem","position":1,"name":"Home","item":"https:\/\/anjakarboul.com\/en\/"},{"@type":"ListItem","position":2,"name":"GTC"}]},{"@type":"WebSite","@id":"https:\/\/anjakarboul.com\/en\/#website","url":"https:\/\/anjakarboul.com\/en\/","name":"Anja Karboul","description":"Illustrator","potentialAction":[{"@type":"SearchAction","target":{"@type":"EntryPoint","urlTemplate":"https:\/\/anjakarboul.com\/en\/?s={search_term_string}"},"query-input":"required name=search_term_string"}],"inLanguage":"en-US"}]}},"_links":{"self":[{"href":"https:\/\/anjakarboul.com\/en\/wp-json\/wp\/v2\/pages\/2825","targetHints":{"allow":["GET"]}}],"collection":[{"href":"https:\/\/anjakarboul.com\/en\/wp-json\/wp\/v2\/pages"}],"about":[{"href":"https:\/\/anjakarboul.com\/en\/wp-json\/wp\/v2\/types\/page"}],"author":[{"embeddable":true,"href":"https:\/\/anjakarboul.com\/en\/wp-json\/wp\/v2\/users\/2"}],"replies":[{"embeddable":true,"href":"https:\/\/anjakarboul.com\/en\/wp-json\/wp\/v2\/comments?post=2825"}],"version-history":[{"count":0,"href":"https:\/\/anjakarboul.com\/en\/wp-json\/wp\/v2\/pages\/2825\/revisions"}],"wp:attachment":[{"href":"https:\/\/anjakarboul.com\/en\/wp-json\/wp\/v2\/media?parent=2825"}],"curies":[{"name":"wp","href":"https:\/\/api.w.org\/{rel}","templated":true}]}}